{"id":2133,"date":"2025-01-11T10:21:41","date_gmt":"2025-01-11T10:21:41","guid":{"rendered":"https:\/\/wad.one\/?post_type=product&#038;p=2133"},"modified":"2025-01-11T16:03:13","modified_gmt":"2025-01-11T16:03:13","slug":"10gepon-olt-sfp-transceivers-px20-pr30","status":"publish","type":"product","link":"https:\/\/wad.one\/es\/10gepon-olt-sfp-transceivers-px20-pr30\/","title":{"rendered":"10GEPON OLT Transceptores SFP+ PX20 PR30"},"content":{"rendered":"<h2>Transceptores 10GEPON OLT SFP+ Rendimiento inigualable<\/h2>\n<p>Experimente la tecnolog\u00eda punta de nuestros enlaces de datos bidireccionales de fibra \u00fanica, optimizados tanto para transmisi\u00f3n como para recepci\u00f3n. Con una notable velocidad tx de 10,3125 Gbps y una capacidad rx en modo r\u00e1faga tambi\u00e9n a 10,3125 Gbps, este m\u00f3dulo destaca en aplicaciones de alta demanda.<\/p>\n<h2>Especificaciones de funcionamiento robustas<\/h2>\n<p>Este dispositivo, que funciona eficazmente a temperaturas de entre 0 y 70 \u00b0C, garantiza estabilidad y rendimiento. Admite una fuente de alimentaci\u00f3n de 3,3 V y se presenta en un paquete SFP con un conector de recept\u00e1culo SC, lo que facilita la integraci\u00f3n.<\/p>\n<h2>Funciones avanzadas para mayor fiabilidad<\/h2>\n<p>Este m\u00f3dulo est\u00e1 equipado con capacidad de conexi\u00f3n en caliente y APD de 1270 nm\/1310 nm de alta sensibilidad. Con soporte para distancias de transmisi\u00f3n de 20 km utilizando fibra monomodo (SMF), baja EMI y excelente protecci\u00f3n ESD, puede confiar en su fiabilidad para sus aplicaciones.<\/p>","protected":false},"excerpt":{"rendered":"<ul>\n<li>Enlaces de datos bidireccionales de fibra \u00fanica TX 10,3125Gbps, modo r\u00e1faga RX 10,3125Gpbs aplicaci\u00f3n<\/li>\n<li>Enlaces de datos bidireccionales de fibra \u00fanica TX 1,25 Gbps, aplicaci\u00f3n en modo r\u00e1faga RX1,25 Gbps<\/li>\n<li>Temperatura de funcionamiento de la carcasa de 0 a 70\u00b0C<\/li>\n<li>Alimentaci\u00f3n de 3,3 V<\/li>\n<li>Paquete SFP+ con conector SC Receptacle<\/li>\n<li>Conexi\u00f3n en caliente<\/li>\n<li>LD EML de alta potencia de 1577 nm y LD DFB de alta potencia de 1490 nm<\/li>\n<li>APD de 1270nm\/1310nm de alta sensibilidad<\/li>\n<li>Admite una distancia de transmisi\u00f3n de 20 km con SMF<\/li>\n<li>Indicaci\u00f3n Rx_LOS<\/li>\n<li>Baja EMI y excelente protecci\u00f3n ESD<\/li>\n<li>Interfaz de monitor de diagn\u00f3stico digital<\/li>\n<li>Conformidad RoHS6<\/li>\n<\/ul>","protected":false},"featured_media":2135,"comment_status":"closed","ping_status":"closed","template":"","meta":[],"product_cat":[94,93],"product_tag":[],"class_list":["post-2133","product","type-product","status-publish","has-post-thumbnail","hentry","product_cat-olt-pon-module","product_cat-optical-transceivers"],"_links":{"self":[{"href":"https:\/\/wad.one\/es\/wp-json\/wp\/v2\/product\/2133","targetHints":{"allow":["GET"]}}],"collection":[{"href":"https:\/\/wad.one\/es\/wp-json\/wp\/v2\/product"}],"about":[{"href":"https:\/\/wad.one\/es\/wp-json\/wp\/v2\/types\/product"}],"replies":[{"embeddable":true,"href":"https:\/\/wad.one\/es\/wp-json\/wp\/v2\/comments?post=2133"}],"wp:featuredmedia":[{"embeddable":true,"href":"https:\/\/wad.one\/es\/wp-json\/wp\/v2\/media\/2135"}],"wp:attachment":[{"href":"https:\/\/wad.one\/es\/wp-json\/wp\/v2\/media?parent=2133"}],"wp:term":[{"taxonomy":"product_cat","embeddable":true,"href":"https:\/\/wad.one\/es\/wp-json\/wp\/v2\/product_cat?post=2133"},{"taxonomy":"product_tag","embeddable":true,"href":"https:\/\/wad.one\/es\/wp-json\/wp\/v2\/product_tag?post=2133"}],"curies":[{"name":"wp","href":"https:\/\/api.w.org\/{rel}","templated":true}]}}