{"id":2157,"date":"2025-06-21T09:29:18","date_gmt":"2025-06-21T09:29:18","guid":{"rendered":"https:\/\/wad.one\/?post_type=product&#038;p=2157"},"modified":"2025-12-19T09:28:09","modified_gmt":"2025-12-19T09:28:09","slug":"k662c-ax3000-wifi6-gpon-xpon-onu","status":"publish","type":"product","link":"https:\/\/wad.one\/es\/k662c-ax3000-wifi6-gpon-xpon-onu\/","title":{"rendered":"K662C AX3000 WiFi6 GPON xPON ONU"},"content":{"rendered":"<h2>Rendimiento inigualable con Wi-Fi 6 de doble banda K662C<\/h2>\n<p>Presentamos el OptiXstar K662C, un router avanzado dise\u00f1ado para mejorar su experiencia en Internet. Compatible con hasta 3000 Mbps con tecnolog\u00eda Wi-Fi 6 de doble banda, este dispositivo garantiza conexiones a Internet incre\u00edblemente r\u00e1pidas y estables, perfectas para streaming, juegos y navegaci\u00f3n. Con capacidades de acceso de banda ultraancha a trav\u00e9s de Ethernet, Wi-Fi y tecnolog\u00eda de enlace ascendente PON, el K662C ofrece soluciones de conectividad vers\u00e1tiles para satisfacer todas sus necesidades.\n\nTraducci\u00f3n realizada con la versi\u00f3n gratuita del traductor DeepL.com<\/p>\n<h2>Tres innovadores modos de trabajo<\/h2>\n<p>El K662C destaca como dispositivo tres en uno, con tres modos de funcionamiento distintos para satisfacer sus necesidades de red. Cambia sin esfuerzo entre el modo de m\u00f3dem \u00f3ptico, el modo de router inal\u00e1mbrico y el modo de red de fibra \u00f3ptica. Aunque la instalaci\u00f3n puede requerir algunas configuraciones avanzadas como completar el shell y actualizar el programa de firmware, merece la pena para aquellos que buscan optimizar su red. Esta flexibilidad le permite adaptar el K662C para que funcione exactamente como lo exige su hogar u oficina.<\/p>\n<h2>Potente configuraci\u00f3n de hardware<\/h2>\n<p>Bajo el cap\u00f3, el OptiXstar K662C est\u00e1 alimentado por una CPU Hisilicon SD5117P de doble n\u00facleo que funciona a 1,6 GHz, garantizando un rendimiento robusto incluso en escenarios de alta demanda. Equipado con 128 MB de memoria flash y 256 MB de RAM, este router de borde puede gestionar sin problemas m\u00faltiples dispositivos y un tr\u00e1fico de Internet intenso. Adem\u00e1s, el dispositivo admite redes MESH y proporciona tecnolog\u00eda Wi-Fi 6 de primer nivel con configuraciones para dos canales de 80 MHz y 160 MHz, con lo que se consiguen velocidades inal\u00e1mbricas que alcanzan unos impresionantes 3000 Mbps.<\/p>\n<p>El K662C no es un aparato m\u00e1s; es su puerta de entrada a una conectividad sin fisuras. Tanto si lo utiliza como m\u00f3dem \u00f3ptico como si lo configura como router inal\u00e1mbrico Wi-Fi 6, le promete fiabilidad, velocidad y adaptabilidad. No se conforme con lo ordinario cuando puede tener lo extraordinario. Actual\u00edcese al router OptiXstar K662C edge y transforme su experiencia de Internet hoy mismo.<\/p>\n<div class=\"table-container\">\n<table style=\"height: 662px;\" width=\"631\">\n<tbody>\n<tr>\n<td>Art\u00edculo<\/td>\n<td>K662c<\/td>\n<\/tr>\n<tr>\n<td>Ganancia de la antena<\/td>\n<td>5dBi<\/td>\n<\/tr>\n<tr>\n<td>configuraci\u00f3n<\/td>\n<td>1 Fiber+1GE WAN +3GE LAN+ 2.4g &amp;5G Wi-Fi<\/td>\n<\/tr>\n<tr>\n<td>Protocolo admitido<\/td>\n<td>IEEE\u00a0802.11\u00a0ax\u00a0(2.4GHz&amp;5GHz)<\/td>\n<\/tr>\n<tr>\n<td>MIMO<\/td>\n<td>2\u00d72\u00a0MIMO\u00a0(2.4GHz&amp;5GHz)<\/td>\n<\/tr>\n<tr>\n<td rowspan=\"2\">Tasa de interfaz<\/td>\n<td>600\u00a0Mbps\u00a0(2.4GHz)<\/td>\n<\/tr>\n<tr>\n<td>2400\u00a0Mbps\u00a0(5GHz)<\/td>\n<\/tr>\n<tr>\n<td rowspan=\"2\">Puertos PON<\/td>\n<td>GPON\/EPON\u00a0supported<\/td>\n<\/tr>\n<tr>\n<td>Wavelength:\u00a0upstream\u00a01310nm,\u00a0downstream\u00a01490nm<\/td>\n<\/tr>\n<tr>\n<td rowspan=\"3\">Gigabit Ethernet<\/td>\n<td>MAC\u00a0address\u00a0restrictions<\/td>\n<\/tr>\n<tr>\n<td>MAC\u00a0address\u00a0learning<\/td>\n<\/tr>\n<tr>\n<td>Support\u00a010Mbit\/s,\u00a0100Mbit\/s,\u00a01000Mbit\/s\u00a0self-adaptive<\/td>\n<\/tr>\n<tr>\n<td>Memoria<\/td>\n<td>128MB Flash, 256MB RAM<\/td>\n<\/tr>\n<tr>\n<td>Tipo de antena<\/td>\n<td>4*5dBi external antennas<\/td>\n<\/tr>\n<tr>\n<td rowspan=\"2\">Puertos<\/td>\n<td>Network\u00a0side:\u00a0GE\u00a0or\u00a0PON\u00a0or\u00a0Wi-Fi<\/td>\n<\/tr>\n<tr>\n<td>User\u00a0side:\u00a03GE+2.4GHz&amp;5GHz\u00a0Wi-Fi\u00a06<\/td>\n<\/tr>\n<tr>\n<td>Alimentaci\u00f3n<\/td>\n<td>12V\u00a0DC,\u00a01\u00a0A<\/td>\n<\/tr>\n<tr>\n<td>Potencia m\u00e1xima supuesta<\/td>\n<td>&lt;\u00a012W<\/td>\n<\/tr>\n<tr>\n<td>Dimensions\u00a0(h\u00d7\u00a0w\u00a0\u00d7\u00a0d)<\/td>\n<td>35mm\u00d7195mm\u00d7125mm<\/td>\n<\/tr>\n<tr>\n<td>Peso<\/td>\n<td>\u00a0About 1 KG<\/td>\n<\/tr>\n<tr>\n<td>Almacenamiento<\/td>\n<td>128MB\u00a0Flash,256MB\u00a0RAM<\/td>\n<\/tr>\n<tr>\n<td>Color<\/td>\n<td>White<\/td>\n<\/tr>\n<\/tbody>\n<\/table>\n<\/div>","protected":false},"excerpt":{"rendered":"<p>K662C xPON ONU is an edge router that supports dual-band Wi-Fi 6 (AX3000Mps Wi-Fi 6 Edge ONT).<\/p>","protected":false},"featured_media":2158,"comment_status":"closed","ping_status":"closed","template":"","meta":[],"product_cat":[61],"product_tag":[],"class_list":["post-2157","product","type-product","status-publish","has-post-thumbnail","hentry","product_cat-onu"],"_links":{"self":[{"href":"https:\/\/wad.one\/es\/wp-json\/wp\/v2\/product\/2157","targetHints":{"allow":["GET"]}}],"collection":[{"href":"https:\/\/wad.one\/es\/wp-json\/wp\/v2\/product"}],"about":[{"href":"https:\/\/wad.one\/es\/wp-json\/wp\/v2\/types\/product"}],"replies":[{"embeddable":true,"href":"https:\/\/wad.one\/es\/wp-json\/wp\/v2\/comments?post=2157"}],"wp:featuredmedia":[{"embeddable":true,"href":"https:\/\/wad.one\/es\/wp-json\/wp\/v2\/media\/2158"}],"wp:attachment":[{"href":"https:\/\/wad.one\/es\/wp-json\/wp\/v2\/media?parent=2157"}],"wp:term":[{"taxonomy":"product_cat","embeddable":true,"href":"https:\/\/wad.one\/es\/wp-json\/wp\/v2\/product_cat?post=2157"},{"taxonomy":"product_tag","embeddable":true,"href":"https:\/\/wad.one\/es\/wp-json\/wp\/v2\/product_tag?post=2157"}],"curies":[{"name":"wp","href":"https:\/\/api.w.org\/{rel}","templated":true}]}}