{"id":848,"date":"2023-02-20T10:03:55","date_gmt":"2023-02-20T10:03:55","guid":{"rendered":"https:\/\/wad.one\/?post_type=product&#038;p=848"},"modified":"2023-04-04T03:35:07","modified_gmt":"2023-04-04T03:35:07","slug":"ftth-sc-fiber-optic-fast-connector","status":"publish","type":"product","link":"https:\/\/wad.one\/es\/ftth-sc-fiber-optic-fast-connector\/","title":{"rendered":"Conector r\u00e1pido de fibra \u00f3ptica FTTH SC"},"content":{"rendered":"","protected":false},"excerpt":{"rendered":"<ul>\n<li>Conector de fibra \u00f3ptica que no requiere conocimientos avanzados para crimpar un conector de fibra \u00f3ptica ni herramientas complicadas.<\/li>\n<li>La nueva generaci\u00f3n en conexiones de fibra \u00f3ptica dise\u00f1ada para realizar conexiones de fibra \u00f3ptica r\u00e1pidas y seguras.<\/li>\n<li>Para instaladores con y sin experiencia en fibra \u00f3ptica.<\/li>\n<li>Ideal para conexiones de abonados (FTTH), Data Center, Sistemas de Seguridad, CATV, en cualquier aplicaci\u00f3n que se desee realizar una conexi\u00f3n segura de fibra \u00f3ptica.<\/li>\n<li>Conectores con tecnolog\u00eda mec\u00e1nica que no requieren un equipo de medici\u00f3n profesional para verificar las conexiones.<\/li>\n<\/ul>","protected":false},"featured_media":855,"comment_status":"open","ping_status":"closed","template":"","meta":[],"product_cat":[36,35],"product_tag":[],"class_list":["post-848","product","type-product","status-publish","has-post-thumbnail","hentry","product_cat-ftth-accessories","product_cat-fiber-optic-fast-connector"],"_links":{"self":[{"href":"https:\/\/wad.one\/es\/wp-json\/wp\/v2\/product\/848","targetHints":{"allow":["GET"]}}],"collection":[{"href":"https:\/\/wad.one\/es\/wp-json\/wp\/v2\/product"}],"about":[{"href":"https:\/\/wad.one\/es\/wp-json\/wp\/v2\/types\/product"}],"replies":[{"embeddable":true,"href":"https:\/\/wad.one\/es\/wp-json\/wp\/v2\/comments?post=848"}],"wp:featuredmedia":[{"embeddable":true,"href":"https:\/\/wad.one\/es\/wp-json\/wp\/v2\/media\/855"}],"wp:attachment":[{"href":"https:\/\/wad.one\/es\/wp-json\/wp\/v2\/media?parent=848"}],"wp:term":[{"taxonomy":"product_cat","embeddable":true,"href":"https:\/\/wad.one\/es\/wp-json\/wp\/v2\/product_cat?post=848"},{"taxonomy":"product_tag","embeddable":true,"href":"https:\/\/wad.one\/es\/wp-json\/wp\/v2\/product_tag?post=848"}],"curies":[{"name":"wp","href":"https:\/\/api.w.org\/{rel}","templated":true}]}}