{"id":866,"date":"2023-02-21T03:25:20","date_gmt":"2023-02-21T03:25:20","guid":{"rendered":"https:\/\/wad.one\/?post_type=product&#038;p=866"},"modified":"2023-04-04T03:34:36","modified_gmt":"2023-04-04T03:34:36","slug":"sc-apc-upc-quick-assembly-fiber-optic-fast-connector","status":"publish","type":"product","link":"https:\/\/wad.one\/es\/sc-apc-upc-quick-assembly-fiber-optic-fast-connector\/","title":{"rendered":"SC APC UPC Conector R\u00e1pido de Ensamblaje de Fibra \u00d3ptica"},"content":{"rendered":"","protected":false},"excerpt":{"rendered":"<ul>\n<li>Nuevo dise\u00f1o \u00fanico, instalaci\u00f3n sin necesidad de inyectar pegamento, sin esmerilar<\/li>\n<li>Estructura integrada: f\u00e1cil de manejar<\/li>\n<li>Baja p\u00e9rdida de inserci\u00f3n, alta p\u00e9rdida de retorno<\/li>\n<li>Instalaci\u00f3n y mantenimiento de redes de fibra \u00f3ptica<\/li>\n<\/ul>","protected":false},"featured_media":867,"comment_status":"open","ping_status":"closed","template":"","meta":[],"product_cat":[36,35],"product_tag":[],"class_list":["post-866","product","type-product","status-publish","has-post-thumbnail","hentry","product_cat-ftth-accessories","product_cat-fiber-optic-fast-connector"],"_links":{"self":[{"href":"https:\/\/wad.one\/es\/wp-json\/wp\/v2\/product\/866","targetHints":{"allow":["GET"]}}],"collection":[{"href":"https:\/\/wad.one\/es\/wp-json\/wp\/v2\/product"}],"about":[{"href":"https:\/\/wad.one\/es\/wp-json\/wp\/v2\/types\/product"}],"replies":[{"embeddable":true,"href":"https:\/\/wad.one\/es\/wp-json\/wp\/v2\/comments?post=866"}],"wp:featuredmedia":[{"embeddable":true,"href":"https:\/\/wad.one\/es\/wp-json\/wp\/v2\/media\/867"}],"wp:attachment":[{"href":"https:\/\/wad.one\/es\/wp-json\/wp\/v2\/media?parent=866"}],"wp:term":[{"taxonomy":"product_cat","embeddable":true,"href":"https:\/\/wad.one\/es\/wp-json\/wp\/v2\/product_cat?post=866"},{"taxonomy":"product_tag","embeddable":true,"href":"https:\/\/wad.one\/es\/wp-json\/wp\/v2\/product_tag?post=866"}],"curies":[{"name":"wp","href":"https:\/\/api.w.org\/{rel}","templated":true}]}}