{"id":874,"date":"2023-02-21T03:33:56","date_gmt":"2023-02-21T03:33:56","guid":{"rendered":"https:\/\/wad.one\/?post_type=product&#038;p=874"},"modified":"2023-04-04T03:34:07","modified_gmt":"2023-04-04T03:34:07","slug":"waterproof-fiber-optic-fast-connector","status":"publish","type":"product","link":"https:\/\/wad.one\/es\/waterproof-fiber-optic-fast-connector\/","title":{"rendered":"Conector r\u00e1pido de fibra \u00f3ptica estanco"},"content":{"rendered":"","protected":false},"excerpt":{"rendered":"<ul>\n<li>Soluci\u00f3n rentable para la terminaci\u00f3n interna;<\/li>\n<li>Baja p\u00e9rdida de inserci\u00f3n y p\u00e9rdida a\u00f1adida;<\/li>\n<li>Altura de atenuaci\u00f3n; IP67 resistente al agua, al polvo y a la corrosi\u00f3n;<\/li>\n<li>El material del cable jumpel es resistente a la intemperie y a los rayos UV;<\/li>\n<li>Comportamiento mec\u00e1nico: IEC61754-20;<\/li>\n<li>Materiales conformes con RoHS y REACH.<\/li>\n<\/ul>","protected":false},"featured_media":876,"comment_status":"open","ping_status":"closed","template":"","meta":[],"product_cat":[36,35],"product_tag":[],"class_list":["post-874","product","type-product","status-publish","has-post-thumbnail","hentry","product_cat-ftth-accessories","product_cat-fiber-optic-fast-connector"],"_links":{"self":[{"href":"https:\/\/wad.one\/es\/wp-json\/wp\/v2\/product\/874","targetHints":{"allow":["GET"]}}],"collection":[{"href":"https:\/\/wad.one\/es\/wp-json\/wp\/v2\/product"}],"about":[{"href":"https:\/\/wad.one\/es\/wp-json\/wp\/v2\/types\/product"}],"replies":[{"embeddable":true,"href":"https:\/\/wad.one\/es\/wp-json\/wp\/v2\/comments?post=874"}],"wp:featuredmedia":[{"embeddable":true,"href":"https:\/\/wad.one\/es\/wp-json\/wp\/v2\/media\/876"}],"wp:attachment":[{"href":"https:\/\/wad.one\/es\/wp-json\/wp\/v2\/media?parent=874"}],"wp:term":[{"taxonomy":"product_cat","embeddable":true,"href":"https:\/\/wad.one\/es\/wp-json\/wp\/v2\/product_cat?post=874"},{"taxonomy":"product_tag","embeddable":true,"href":"https:\/\/wad.one\/es\/wp-json\/wp\/v2\/product_tag?post=874"}],"curies":[{"name":"wp","href":"https:\/\/api.w.org\/{rel}","templated":true}]}}