{"id":897,"date":"2023-02-21T07:52:04","date_gmt":"2023-02-21T07:52:04","guid":{"rendered":"https:\/\/wad.one\/?post_type=product&#038;p=897"},"modified":"2023-04-04T03:33:07","modified_gmt":"2023-04-04T03:33:07","slug":"lc-upc-45mm-fiber-optic-fast-quick-connector","status":"publish","type":"product","link":"https:\/\/wad.one\/es\/lc-upc-45mm-fiber-optic-fast-quick-connector\/","title":{"rendered":"LC UPC 45mm Conector r\u00e1pido de fibra \u00f3ptica"},"content":{"rendered":"","protected":false},"excerpt":{"rendered":"<ul>\n<li>Proyecto FTTH utilizable<\/li>\n<li>Instalable in situ<\/li>\n<li>P\u00e9rdida de inserci\u00f3n inferior a 0,5 dB, p\u00e9rdida de retorno superior a 50 dB<\/li>\n<li>La cavidad met\u00e1lica en forma de V funciona bien a altas y bajas temperaturas<\/li>\n<li>Instalaci\u00f3n en menos de 1 minuto<\/li>\n<li>Rendimiento \u00f3ptico fiable y superior<\/li>\n<li>La prueba de tracci\u00f3n del cable cumple la norma Telcordia GR-326-COR<\/li>\n<\/ul>","protected":false},"featured_media":892,"comment_status":"open","ping_status":"closed","template":"","meta":[],"product_cat":[36,35],"product_tag":[],"class_list":["post-897","product","type-product","status-publish","has-post-thumbnail","hentry","product_cat-ftth-accessories","product_cat-fiber-optic-fast-connector"],"_links":{"self":[{"href":"https:\/\/wad.one\/es\/wp-json\/wp\/v2\/product\/897","targetHints":{"allow":["GET"]}}],"collection":[{"href":"https:\/\/wad.one\/es\/wp-json\/wp\/v2\/product"}],"about":[{"href":"https:\/\/wad.one\/es\/wp-json\/wp\/v2\/types\/product"}],"replies":[{"embeddable":true,"href":"https:\/\/wad.one\/es\/wp-json\/wp\/v2\/comments?post=897"}],"wp:featuredmedia":[{"embeddable":true,"href":"https:\/\/wad.one\/es\/wp-json\/wp\/v2\/media\/892"}],"wp:attachment":[{"href":"https:\/\/wad.one\/es\/wp-json\/wp\/v2\/media?parent=897"}],"wp:term":[{"taxonomy":"product_cat","embeddable":true,"href":"https:\/\/wad.one\/es\/wp-json\/wp\/v2\/product_cat?post=897"},{"taxonomy":"product_tag","embeddable":true,"href":"https:\/\/wad.one\/es\/wp-json\/wp\/v2\/product_tag?post=897"}],"curies":[{"name":"wp","href":"https:\/\/api.w.org\/{rel}","templated":true}]}}