{"id":901,"date":"2023-02-21T08:03:21","date_gmt":"2023-02-21T08:03:21","guid":{"rendered":"https:\/\/wad.one\/?post_type=product&#038;p=901"},"modified":"2023-04-04T03:32:39","modified_gmt":"2023-04-04T03:32:39","slug":"quick-assembly-fc-fiber-optic-fast-connector","status":"publish","type":"product","link":"https:\/\/wad.one\/es\/quick-assembly-fc-fiber-optic-fast-connector\/","title":{"rendered":"Montaje r\u00e1pido FC Conector r\u00e1pido de fibra \u00f3ptica"},"content":{"rendered":"","protected":false},"excerpt":{"rendered":"<ul>\n<li>Proyecto FTTH utilizable<\/li>\n<li>Instalable in situ<\/li>\n<li>La cavidad met\u00e1lica en forma de V funciona bien a altas y bajas temperaturas<\/li>\n<li>Instalaci\u00f3n en menos de 1 minuto<\/li>\n<li>Rendimiento \u00f3ptico fiable y superior<\/li>\n<li>La prueba de tracci\u00f3n del cable cumple la norma Telcordia GR-326-COR<\/li>\n<\/ul>","protected":false},"featured_media":902,"comment_status":"open","ping_status":"closed","template":"","meta":[],"product_cat":[36,35],"product_tag":[],"class_list":["post-901","product","type-product","status-publish","has-post-thumbnail","hentry","product_cat-ftth-accessories","product_cat-fiber-optic-fast-connector"],"_links":{"self":[{"href":"https:\/\/wad.one\/es\/wp-json\/wp\/v2\/product\/901","targetHints":{"allow":["GET"]}}],"collection":[{"href":"https:\/\/wad.one\/es\/wp-json\/wp\/v2\/product"}],"about":[{"href":"https:\/\/wad.one\/es\/wp-json\/wp\/v2\/types\/product"}],"replies":[{"embeddable":true,"href":"https:\/\/wad.one\/es\/wp-json\/wp\/v2\/comments?post=901"}],"wp:featuredmedia":[{"embeddable":true,"href":"https:\/\/wad.one\/es\/wp-json\/wp\/v2\/media\/902"}],"wp:attachment":[{"href":"https:\/\/wad.one\/es\/wp-json\/wp\/v2\/media?parent=901"}],"wp:term":[{"taxonomy":"product_cat","embeddable":true,"href":"https:\/\/wad.one\/es\/wp-json\/wp\/v2\/product_cat?post=901"},{"taxonomy":"product_tag","embeddable":true,"href":"https:\/\/wad.one\/es\/wp-json\/wp\/v2\/product_tag?post=901"}],"curies":[{"name":"wp","href":"https:\/\/api.w.org\/{rel}","templated":true}]}}