{"id":963,"date":"2023-02-22T03:10:54","date_gmt":"2023-02-22T03:10:54","guid":{"rendered":"https:\/\/wad.one\/?post_type=product&#038;p=963"},"modified":"2023-04-04T03:28:42","modified_gmt":"2023-04-04T03:28:42","slug":"sc-apc-upc-sm-duplex-fiber-optic-adapter","status":"publish","type":"product","link":"https:\/\/wad.one\/es\/sc-apc-upc-sm-duplex-fiber-optic-adapter\/","title":{"rendered":"SC APC UPC SM Duplex Adaptador Fibra \u00d3ptica"},"content":{"rendered":"","protected":false},"excerpt":{"rendered":"<ul>\n<li>Simplex \/ D\u00faplex<\/li>\n<li>Buena compatibilidad<\/li>\n<li>Alta fiabilidad y estabilidad<\/li>\n<li>Manguito de cer\u00e1mica o bronce<\/li>\n<li>Baja p\u00e9rdida de inserci\u00f3n, alta p\u00e9rdida de retorno<\/li>\n<li>Alta precisi\u00f3n de las dimensiones mec\u00e1nicas<\/li>\n<\/ul>","protected":false},"featured_media":964,"comment_status":"open","ping_status":"closed","template":"","meta":[],"product_cat":[37,36],"product_tag":[],"class_list":["post-963","product","type-product","status-publish","has-post-thumbnail","hentry","product_cat-fiber-optic-adapter","product_cat-ftth-accessories"],"_links":{"self":[{"href":"https:\/\/wad.one\/es\/wp-json\/wp\/v2\/product\/963","targetHints":{"allow":["GET"]}}],"collection":[{"href":"https:\/\/wad.one\/es\/wp-json\/wp\/v2\/product"}],"about":[{"href":"https:\/\/wad.one\/es\/wp-json\/wp\/v2\/types\/product"}],"replies":[{"embeddable":true,"href":"https:\/\/wad.one\/es\/wp-json\/wp\/v2\/comments?post=963"}],"wp:featuredmedia":[{"embeddable":true,"href":"https:\/\/wad.one\/es\/wp-json\/wp\/v2\/media\/964"}],"wp:attachment":[{"href":"https:\/\/wad.one\/es\/wp-json\/wp\/v2\/media?parent=963"}],"wp:term":[{"taxonomy":"product_cat","embeddable":true,"href":"https:\/\/wad.one\/es\/wp-json\/wp\/v2\/product_cat?post=963"},{"taxonomy":"product_tag","embeddable":true,"href":"https:\/\/wad.one\/es\/wp-json\/wp\/v2\/product_tag?post=963"}],"curies":[{"name":"wp","href":"https:\/\/api.w.org\/{rel}","templated":true}]}}