{"id":977,"date":"2023-02-22T03:32:20","date_gmt":"2023-02-22T03:32:20","guid":{"rendered":"https:\/\/wad.one\/?post_type=product&#038;p=977"},"modified":"2023-04-04T03:27:41","modified_gmt":"2023-04-04T03:27:41","slug":"low-insert-loss-lc-to-lc-simplex-adapter","status":"publish","type":"product","link":"https:\/\/wad.one\/es\/low-insert-loss-lc-to-lc-simplex-adapter\/","title":{"rendered":"Adaptador LC a LC simplex de baja p\u00e9rdida de inserci\u00f3n"},"content":{"rendered":"","protected":false},"excerpt":{"rendered":"<ul>\n<li>Simplex \/ D\u00faplex<\/li>\n<li>Buena compatibilidad<\/li>\n<li>Alta fiabilidad y estabilidad<\/li>\n<li>Manguito de cer\u00e1mica o bronce<\/li>\n<li>Baja p\u00e9rdida de inserci\u00f3n, alta p\u00e9rdida de retorno<\/li>\n<li>Alta precisi\u00f3n de las dimensiones mec\u00e1nicas<\/li>\n<\/ul>","protected":false},"featured_media":978,"comment_status":"open","ping_status":"closed","template":"","meta":[],"product_cat":[37,36],"product_tag":[],"class_list":["post-977","product","type-product","status-publish","has-post-thumbnail","hentry","product_cat-fiber-optic-adapter","product_cat-ftth-accessories"],"_links":{"self":[{"href":"https:\/\/wad.one\/es\/wp-json\/wp\/v2\/product\/977","targetHints":{"allow":["GET"]}}],"collection":[{"href":"https:\/\/wad.one\/es\/wp-json\/wp\/v2\/product"}],"about":[{"href":"https:\/\/wad.one\/es\/wp-json\/wp\/v2\/types\/product"}],"replies":[{"embeddable":true,"href":"https:\/\/wad.one\/es\/wp-json\/wp\/v2\/comments?post=977"}],"wp:featuredmedia":[{"embeddable":true,"href":"https:\/\/wad.one\/es\/wp-json\/wp\/v2\/media\/978"}],"wp:attachment":[{"href":"https:\/\/wad.one\/es\/wp-json\/wp\/v2\/media?parent=977"}],"wp:term":[{"taxonomy":"product_cat","embeddable":true,"href":"https:\/\/wad.one\/es\/wp-json\/wp\/v2\/product_cat?post=977"},{"taxonomy":"product_tag","embeddable":true,"href":"https:\/\/wad.one\/es\/wp-json\/wp\/v2\/product_tag?post=977"}],"curies":[{"name":"wp","href":"https:\/\/api.w.org\/{rel}","templated":true}]}}